{"id":171,"date":"2020-12-29T15:00:28","date_gmt":"2020-12-29T14:00:28","guid":{"rendered":"http:\/\/cb.ch4o5craft.de\/?page_id=171"},"modified":"2021-03-22T14:32:56","modified_gmt":"2021-03-22T13:32:56","slug":"spenden","status":"publish","type":"page","link":"https:\/\/ch4o5craft.de\/index.php\/spenden\/","title":{"rendered":"Spenden"},"content":{"rendered":"\t\t<div data-elementor-type=\"wp-page\" data-elementor-id=\"171\" class=\"elementor elementor-171\">\n\t\t\t\t\t\t<section class=\"elementor-section elementor-top-section elementor-element elementor-element-51cebf3 elementor-section-boxed elementor-section-height-default elementor-section-height-default\" data-id=\"51cebf3\" data-element_type=\"section\" data-e-type=\"section\">\n\t\t\t\t\t\t<div class=\"elementor-container elementor-column-gap-default\">\n\t\t\t\t\t<div class=\"elementor-column elementor-col-100 elementor-top-column elementor-element elementor-element-32c265e\" data-id=\"32c265e\" data-element_type=\"column\" data-e-type=\"column\">\n\t\t\t<div class=\"elementor-widget-wrap elementor-element-populated\">\n\t\t\t\t\t\t<div class=\"elementor-element elementor-element-ca5c135 elementor-widget elementor-widget-heading\" data-id=\"ca5c135\" data-element_type=\"widget\" data-e-type=\"widget\" data-widget_type=\"heading.default\">\n\t\t\t\t<div class=\"elementor-widget-container\">\n\t\t\t\t\t<h1 class=\"elementor-heading-title elementor-size-default\">Spenden sind vollkommen freiwillig.<\/h1>\t\t\t\t<\/div>\n\t\t\t\t<\/div>\n\t\t\t\t\t<\/div>\n\t\t<\/div>\n\t\t\t\t\t<\/div>\n\t\t<\/section>\n\t\t\t\t<section class=\"elementor-section elementor-top-section elementor-element elementor-element-2863a93 elementor-section-boxed elementor-section-height-default elementor-section-height-default\" data-id=\"2863a93\" data-element_type=\"section\" data-e-type=\"section\">\n\t\t\t\t\t\t<div class=\"elementor-container elementor-column-gap-default\">\n\t\t\t\t\t<div class=\"elementor-column elementor-col-100 elementor-top-column elementor-element elementor-element-790fbf6\" data-id=\"790fbf6\" data-element_type=\"column\" data-e-type=\"column\">\n\t\t\t<div class=\"elementor-widget-wrap elementor-element-populated\">\n\t\t\t\t\t\t<div class=\"elementor-element elementor-element-a09cbe3 elementor-widget elementor-widget-text-editor\" data-id=\"a09cbe3\" data-element_type=\"widget\" data-e-type=\"widget\" data-widget_type=\"text-editor.default\">\n\t\t\t\t<div class=\"elementor-widget-container\">\n\t\t\t\t\t\t\t\t\t<p style=\"text-align: center;\">Spender erhalten <strong>keine Vorteile<\/strong> gegen\u00fcber anderen Spielern.<br \/><span style=\"color: #3366ff;\"><strong>Warum also sollte man spenden wenn man Geld \u00fcber hat.<\/strong><\/span><\/p>\t\t\t\t\t\t\t\t<\/div>\n\t\t\t\t<\/div>\n\t\t\t\t\t<\/div>\n\t\t<\/div>\n\t\t\t\t\t<\/div>\n\t\t<\/section>\n\t\t\t\t<section class=\"elementor-section elementor-top-section elementor-element elementor-element-d5e7cb0 elementor-section-boxed elementor-section-height-default elementor-section-height-default\" data-id=\"d5e7cb0\" data-element_type=\"section\" data-e-type=\"section\">\n\t\t\t\t\t\t<div class=\"elementor-container elementor-column-gap-default\">\n\t\t\t\t\t<div class=\"elementor-column elementor-col-33 elementor-top-column elementor-element elementor-element-a3c8f81\" data-id=\"a3c8f81\" data-element_type=\"column\" data-e-type=\"column\">\n\t\t\t<div class=\"elementor-widget-wrap\">\n\t\t\t\t\t\t\t<\/div>\n\t\t<\/div>\n\t\t\t\t<div class=\"elementor-column elementor-col-33 elementor-top-column elementor-element elementor-element-02bb32e\" data-id=\"02bb32e\" data-element_type=\"column\" data-e-type=\"column\">\n\t\t\t<div class=\"elementor-widget-wrap elementor-element-populated\">\n\t\t\t\t\t\t<div class=\"elementor-element elementor-element-f67d4fc elementor-widget elementor-widget-text-editor\" data-id=\"f67d4fc\" data-element_type=\"widget\" data-e-type=\"widget\" data-widget_type=\"text-editor.default\">\n\t\t\t\t<div class=\"elementor-widget-container\">\n\t\t\t\t\t\t\t\t\t<p style=\"text-align: left;\"><span style=\"color: #000000;\">&#8211; Die Spenden sind keinen Besitzer oder Teammitglied zug\u00e4nglich.<\/span><br \/><span style=\"color: #000000;\">&#8211; Die Spenden laufen direkt \u00fcber unseren Hoster wo wir die Server gemietet haben.<\/span><br \/><span style=\"color: #000000;\">&#8211; Die Spenden helfen mit den Server finanziell am Leben zu erhalten.<\/span><\/p>\t\t\t\t\t\t\t\t<\/div>\n\t\t\t\t<\/div>\n\t\t\t\t\t<\/div>\n\t\t<\/div>\n\t\t\t\t<div class=\"elementor-column elementor-col-33 elementor-top-column elementor-element elementor-element-15cecf6\" data-id=\"15cecf6\" data-element_type=\"column\" data-e-type=\"column\">\n\t\t\t<div class=\"elementor-widget-wrap\">\n\t\t\t\t\t\t\t<\/div>\n\t\t<\/div>\n\t\t\t\t\t<\/div>\n\t\t<\/section>\n\t\t\t\t<section class=\"elementor-section elementor-top-section elementor-element elementor-element-3385d33 elementor-section-boxed elementor-section-height-default elementor-section-height-default\" data-id=\"3385d33\" data-element_type=\"section\" data-e-type=\"section\">\n\t\t\t\t\t\t<div class=\"elementor-container elementor-column-gap-default\">\n\t\t\t\t\t<div class=\"elementor-column elementor-col-100 elementor-top-column elementor-element elementor-element-c89e6d9\" data-id=\"c89e6d9\" data-element_type=\"column\" data-e-type=\"column\">\n\t\t\t<div class=\"elementor-widget-wrap elementor-element-populated\">\n\t\t\t\t\t\t<div class=\"elementor-element elementor-element-f3321e1 elementor-widget elementor-widget-text-editor\" data-id=\"f3321e1\" data-element_type=\"widget\" data-e-type=\"widget\" data-widget_type=\"text-editor.default\">\n\t\t\t\t<div class=\"elementor-widget-container\">\n\t\t\t\t\t\t\t\t\t<h6 style=\"text-align: center;\"><span style=\"color: #014dff;\"><strong>Bitte geben beim Spenden als Nachricht deinen Spielernamen an damit wir dich auf das Hologramm in der Lobby verewigen k\u00f6nnen.<\/strong><\/span><\/h6>\t\t\t\t\t\t\t\t<\/div>\n\t\t\t\t<\/div>\n\t\t\t\t\t<\/div>\n\t\t<\/div>\n\t\t\t\t\t<\/div>\n\t\t<\/section>\n\t\t\t\t<section class=\"elementor-section elementor-top-section elementor-element elementor-element-76a9dc9 elementor-section-boxed elementor-section-height-default elementor-section-height-default\" data-id=\"76a9dc9\" data-element_type=\"section\" data-e-type=\"section\">\n\t\t\t\t\t\t<div class=\"elementor-container elementor-column-gap-default\">\n\t\t\t\t\t<div class=\"elementor-column elementor-col-100 elementor-top-column elementor-element elementor-element-d9ee02b\" data-id=\"d9ee02b\" data-element_type=\"column\" data-e-type=\"column\">\n\t\t\t<div class=\"elementor-widget-wrap elementor-element-populated\">\n\t\t\t\t\t\t<div class=\"elementor-element elementor-element-bfed942 elementor-align-center elementor-widget elementor-widget-button\" data-id=\"bfed942\" data-element_type=\"widget\" data-e-type=\"widget\" data-widget_type=\"button.default\">\n\t\t\t\t<div class=\"elementor-widget-container\">\n\t\t\t\t\t\t\t\t\t<div class=\"elementor-button-wrapper\">\n\t\t\t\t\t<a class=\"elementor-button elementor-button-link elementor-size-lg elementor-animation-buzz\" href=\"https:\/\/living-bots.net\/donation?key=$2y$10$pSQNXpDCKtCSZVYr8HM4CefVAhdeeBrcjv76.TD9lx2Diw28V..IG\" target=\"_blank\">\n\t\t\t\t\t\t<span class=\"elementor-button-content-wrapper\">\n\t\t\t\t\t\t<span class=\"elementor-button-icon\">\n\t\t\t\t<i aria-hidden=\"true\" class=\"fas fa-money-bill-wave\"><\/i>\t\t\t<\/span>\n\t\t\t\t\t\t\t\t\t<span class=\"elementor-button-text\">Spenden<\/span>\n\t\t\t\t\t<\/span>\n\t\t\t\t\t<\/a>\n\t\t\t\t<\/div>\n\t\t\t\t\t\t\t\t<\/div>\n\t\t\t\t<\/div>\n\t\t\t\t\t<\/div>\n\t\t<\/div>\n\t\t\t\t\t<\/div>\n\t\t<\/section>\n\t\t\t\t<\/div>\n\t\t","protected":false},"excerpt":{"rendered":"<p>Spenden sind vollkommen freiwillig. Spender erhalten keine Vorteile gegen\u00fcber anderen Spielern.Warum also sollte man spenden wenn man Geld \u00fcber hat. &#8211; Die Spenden sind keinen Besitzer oder Teammitglied zug\u00e4nglich.&#8211; Die Spenden laufen direkt \u00fcber unseren Hoster wo wir die Server gemietet haben.&#8211; Die Spenden helfen mit den Server finanziell am Leben zu erhalten. Bitte geben [&hellip;]<\/p>\n","protected":false},"author":1,"featured_media":0,"parent":0,"menu_order":0,"comment_status":"closed","ping_status":"closed","template":"","meta":{"footnotes":""},"class_list":["post-171","page","type-page","status-publish","hentry"],"_links":{"self":[{"href":"https:\/\/ch4o5craft.de\/index.php\/wp-json\/wp\/v2\/pages\/171","targetHints":{"allow":["GET"]}}],"collection":[{"href":"https:\/\/ch4o5craft.de\/index.php\/wp-json\/wp\/v2\/pages"}],"about":[{"href":"https:\/\/ch4o5craft.de\/index.php\/wp-json\/wp\/v2\/types\/page"}],"author":[{"embeddable":true,"href":"https:\/\/ch4o5craft.de\/index.php\/wp-json\/wp\/v2\/users\/1"}],"replies":[{"embeddable":true,"href":"https:\/\/ch4o5craft.de\/index.php\/wp-json\/wp\/v2\/comments?post=171"}],"version-history":[{"count":43,"href":"https:\/\/ch4o5craft.de\/index.php\/wp-json\/wp\/v2\/pages\/171\/revisions"}],"predecessor-version":[{"id":333,"href":"https:\/\/ch4o5craft.de\/index.php\/wp-json\/wp\/v2\/pages\/171\/revisions\/333"}],"wp:attachment":[{"href":"https:\/\/ch4o5craft.de\/index.php\/wp-json\/wp\/v2\/media?parent=171"}],"curies":[{"name":"wp","href":"https:\/\/api.w.org\/{rel}","templated":true}]}}