{"id":36,"date":"2020-12-21T12:47:45","date_gmt":"2020-12-21T11:47:45","guid":{"rendered":"http:\/\/31.172.80.67\/?page_id=36"},"modified":"2024-10-11T12:49:51","modified_gmt":"2024-10-11T10:49:51","slug":"ch4o5craft-de","status":"publish","type":"page","link":"https:\/\/ch4o5craft.de\/","title":{"rendered":"Wir machen die Welt bunt"},"content":{"rendered":"\t\t<div data-elementor-type=\"wp-page\" data-elementor-id=\"36\" class=\"elementor elementor-36\">\n\t\t\t\t\t\t<section class=\"elementor-section elementor-top-section elementor-element elementor-element-1599483 elementor-section-boxed elementor-section-height-default elementor-section-height-default\" data-id=\"1599483\" data-element_type=\"section\" data-e-type=\"section\">\n\t\t\t\t\t\t<div class=\"elementor-container elementor-column-gap-default\">\n\t\t\t\t\t<div class=\"elementor-column elementor-col-100 elementor-top-column elementor-element elementor-element-7b0aacb\" data-id=\"7b0aacb\" data-element_type=\"column\" data-e-type=\"column\">\n\t\t\t<div class=\"elementor-widget-wrap elementor-element-populated\">\n\t\t\t\t\t\t<div class=\"elementor-element elementor-element-d8a9356 elementor-widget elementor-widget-image\" data-id=\"d8a9356\" data-element_type=\"widget\" data-e-type=\"widget\" data-widget_type=\"image.default\">\n\t\t\t\t<div class=\"elementor-widget-container\">\n\t\t\t\t\t\t\t\t\t\t\t\t\t\t\t<img fetchpriority=\"high\" decoding=\"async\" width=\"640\" height=\"200\" src=\"https:\/\/ch4o5craft.de\/wp-content\/uploads\/2021\/03\/Titlebanner-1024x320.png\" class=\"attachment-large size-large wp-image-296\" alt=\"\" srcset=\"https:\/\/ch4o5craft.de\/wp-content\/uploads\/2021\/03\/Titlebanner-1024x320.png 1024w, https:\/\/ch4o5craft.de\/wp-content\/uploads\/2021\/03\/Titlebanner-300x94.png 300w, https:\/\/ch4o5craft.de\/wp-content\/uploads\/2021\/03\/Titlebanner-768x240.png 768w, https:\/\/ch4o5craft.de\/wp-content\/uploads\/2021\/03\/Titlebanner.png 1280w\" sizes=\"(max-width: 640px) 100vw, 640px\" \/>\t\t\t\t\t\t\t\t\t\t\t\t\t\t\t<\/div>\n\t\t\t\t<\/div>\n\t\t\t\t\t<\/div>\n\t\t<\/div>\n\t\t\t\t\t<\/div>\n\t\t<\/section>\n\t\t\t\t<section class=\"elementor-section elementor-top-section elementor-element elementor-element-2897b177 elementor-section-boxed elementor-section-height-default elementor-section-height-default\" data-id=\"2897b177\" data-element_type=\"section\" data-e-type=\"section\">\n\t\t\t\t\t\t<div class=\"elementor-container elementor-column-gap-default\">\n\t\t\t\t\t<div class=\"elementor-column elementor-col-100 elementor-top-column elementor-element elementor-element-1352340d\" data-id=\"1352340d\" data-element_type=\"column\" data-e-type=\"column\">\n\t\t\t<div class=\"elementor-widget-wrap elementor-element-populated\">\n\t\t\t\t\t\t<div class=\"elementor-element elementor-element-370dac08 elementor-widget elementor-widget-text-editor\" data-id=\"370dac08\" data-element_type=\"widget\" data-e-type=\"widget\" data-widget_type=\"text-editor.default\">\n\t\t\t\t<div class=\"elementor-widget-container\">\n\t\t\t\t\t\t\t\t\t<h3 style=\"text-align: center;\">Willkommen auf Ch4o5craft.de\u00a0<br \/>dem Minecraft Citybuild-Netzwerk<br \/>seit 2018<\/h3>\t\t\t\t\t\t\t\t<\/div>\n\t\t\t\t<\/div>\n\t\t\t\t\t<\/div>\n\t\t<\/div>\n\t\t\t\t\t<\/div>\n\t\t<\/section>\n\t\t\t\t<section class=\"elementor-section elementor-top-section elementor-element elementor-element-0d4eaec elementor-section-boxed elementor-section-height-default elementor-section-height-default\" data-id=\"0d4eaec\" data-element_type=\"section\" data-e-type=\"section\">\n\t\t\t\t\t\t<div class=\"elementor-container elementor-column-gap-default\">\n\t\t\t\t\t<div class=\"elementor-column elementor-col-16 elementor-top-column elementor-element elementor-element-a2fec91\" data-id=\"a2fec91\" data-element_type=\"column\" data-e-type=\"column\">\n\t\t\t<div class=\"elementor-widget-wrap\">\n\t\t\t\t\t\t\t<\/div>\n\t\t<\/div>\n\t\t\t\t<div class=\"elementor-column elementor-col-66 elementor-top-column elementor-element elementor-element-03f6815\" data-id=\"03f6815\" data-element_type=\"column\" data-e-type=\"column\">\n\t\t\t<div class=\"elementor-widget-wrap elementor-element-populated\">\n\t\t\t\t\t\t<div class=\"elementor-element elementor-element-648cb12 elementor-widget elementor-widget-text-editor\" data-id=\"648cb12\" data-element_type=\"widget\" data-e-type=\"widget\" data-widget_type=\"text-editor.default\">\n\t\t\t\t<div class=\"elementor-widget-container\">\n\t\t\t\t\t\t\t\t\t<p style=\"text-align: center;\">In unserem Netzwerk befinden sich aktuell 2 Citybuild server,<br>welche so gut wie immer m\u00f6glichst die aktuellste Minecraft version unterst\u00fctzen.<\/p>\n<p style=\"text-align: center;\">Auf unseren Servern herscht algemein eine ausgelassenen <br>und eher Famili\u00e4re Atmosph\u00e4re.&nbsp;<br>Unsere Regeln sind In-Game mit dem Befehl <span style=\"color: #99cc00;\">\/Regeln<\/span> nachzulesen.<\/p>\n<p style=\"text-align: center;\">Welche M\u00f6glichkeiten ihr auf unserem Server habt findet ihr oben \u00fcber dem Men\u00fcpunkt <span style=\"color: #99cc00;\">M\u00f6glichkeiten<\/span>.<\/p>\n<p style=\"text-align: center;\">Aktuell laufen beide Citybuild Server auf der Minecraft Version 1.21. Die jeweils auf den Server laufenden Versionen sind in der Lobby \u00fcber den Portalen in Bl\u00f6cken aufgebaut.&nbsp;&nbsp;<\/p>\n<p style=\"text-align: center;\">Das ServerTeam und alle Spieler w\u00fcnschen euch viel Spa\u00df beim Spielen \ud83d\ude42<\/p>\t\t\t\t\t\t\t\t<\/div>\n\t\t\t\t<\/div>\n\t\t\t\t\t<\/div>\n\t\t<\/div>\n\t\t\t\t<div class=\"elementor-column elementor-col-16 elementor-top-column elementor-element elementor-element-f7f880a\" data-id=\"f7f880a\" data-element_type=\"column\" data-e-type=\"column\">\n\t\t\t<div class=\"elementor-widget-wrap\">\n\t\t\t\t\t\t\t<\/div>\n\t\t<\/div>\n\t\t\t\t\t<\/div>\n\t\t<\/section>\n\t\t\t\t<\/div>\n\t\t","protected":false},"excerpt":{"rendered":"<p>Willkommen auf Ch4o5craft.de\u00a0dem Minecraft Citybuild-Netzwerkseit 2018 In unserem Netzwerk befinden sich aktuell 2 Citybuild server,welche so gut wie immer m\u00f6glichst die aktuellste Minecraft version unterst\u00fctzen. Auf unseren Servern herscht algemein eine ausgelassenen und eher Famili\u00e4re Atmosph\u00e4re.&nbsp;Unsere Regeln sind In-Game mit dem Befehl \/Regeln nachzulesen. Welche M\u00f6glichkeiten ihr auf unserem Server habt findet ihr oben \u00fcber [&hellip;]<\/p>\n","protected":false},"author":1,"featured_media":0,"parent":0,"menu_order":0,"comment_status":"closed","ping_status":"closed","template":"","meta":{"footnotes":""},"class_list":["post-36","page","type-page","status-publish","hentry"],"_links":{"self":[{"href":"https:\/\/ch4o5craft.de\/index.php\/wp-json\/wp\/v2\/pages\/36","targetHints":{"allow":["GET"]}}],"collection":[{"href":"https:\/\/ch4o5craft.de\/index.php\/wp-json\/wp\/v2\/pages"}],"about":[{"href":"https:\/\/ch4o5craft.de\/index.php\/wp-json\/wp\/v2\/types\/page"}],"author":[{"embeddable":true,"href":"https:\/\/ch4o5craft.de\/index.php\/wp-json\/wp\/v2\/users\/1"}],"replies":[{"embeddable":true,"href":"https:\/\/ch4o5craft.de\/index.php\/wp-json\/wp\/v2\/comments?post=36"}],"version-history":[{"count":74,"href":"https:\/\/ch4o5craft.de\/index.php\/wp-json\/wp\/v2\/pages\/36\/revisions"}],"predecessor-version":[{"id":555,"href":"https:\/\/ch4o5craft.de\/index.php\/wp-json\/wp\/v2\/pages\/36\/revisions\/555"}],"wp:attachment":[{"href":"https:\/\/ch4o5craft.de\/index.php\/wp-json\/wp\/v2\/media?parent=36"}],"curies":[{"name":"wp","href":"https:\/\/api.w.org\/{rel}","templated":true}]}}